{"id":592,"date":"2018-07-02T15:34:42","date_gmt":"2018-07-02T13:34:42","guid":{"rendered":"https:\/\/www.bwt-swissedition.ch\/cms\/?page_id=592"},"modified":"2018-07-11T18:57:13","modified_gmt":"2018-07-11T16:57:13","slug":"hygiene","status":"publish","type":"page","link":"https:\/\/www.bwt-swissedition.ch\/cms\/hygiene\/","title":{"rendered":"Hygiene"},"content":{"rendered":"<p>[et_pb_section bb_built=&#8220;1&#8243; admin_label=&#8220;Hero&#8220; _builder_version=&#8220;3.5.1&#8243; use_background_color_gradient=&#8220;on&#8220; background_color_gradient_start=&#8220;#ffffff&#8220; background_color_gradient_end=&#8220;rgba(216,206,199,0.49)&#8220; background_image=&#8220;https:\/\/www.bwt-swissedition.ch\/cms\/wp-content\/uploads\/2018\/07\/BWT-FO-Klinikflur-1920&#215;1080.jpg&#8220; background_blend=&#8220;multiply&#8220; custom_padding=&#8220;54px|0px|0|0px|false|false&#8220; next_background_color=&#8220;#ffffff&#8220;][et_pb_row _builder_version=&#8220;3.5.1&#8243; background_size=&#8220;initial&#8220; background_position=&#8220;top_left&#8220; background_repeat=&#8220;repeat&#8220;][et_pb_column type=&#8220;4_4&#8243;][et_pb_cta admin_label=&#8220;Handlungsaufruf WENN ES AUF HYGIENE ANKOMMT&#8220; button_url=&#8220;#top&#8220; _builder_version=&#8220;3.9&#8243; header_level=&#8220;h1&#8243; header_font=&#8220;Montserrat|700||on|||||&#8220; header_text_color=&#8220;rgba(216,206,199,0.8)&#8220; header_font_size=&#8220;4vw&#8220; header_font_size_last_edited=&#8220;on|phone&#8220; header_line_height=&#8220;1.1em&#8220; body_font=&#8220;Montserrat|300||on|||||&#8220; body_text_color=&#8220;#e5006c&#8220; body_font_size=&#8220;22px&#8220; body_font_size_tablet=&#8220;20px&#8220; body_font_size_phone=&#8220;16px&#8220; body_font_size_last_edited=&#8220;on|desktop&#8220; body_line_height=&#8220;1.9em&#8220; use_background_color=&#8220;off&#8220; custom_button=&#8220;on&#8220; button_text_size=&#8220;16px&#8220; button_text_color=&#8220;#e5006c&#8220; button_bg_color=&#8220;#ffffff&#8220; button_border_color=&#8220;#e5006c&#8220; button_border_radius=&#8220;60&#8243; button_letter_spacing=&#8220;1px&#8220; button_font=&#8220;|700||on|||||&#8220; button_use_icon=&#8220;off&#8220; button_text_color_hover=&#8220;#ffffff&#8220; button_bg_color_hover=&#8220;#e5006c&#8220; button_border_radius_hover=&#8220;66px&#8220; button_letter_spacing_hover=&#8220;1px&#8220; text_orientation=&#8220;right&#8220; background_layout=&#8220;light&#8220; custom_margin=&#8220;20%||25%|&#8220; custom_margin_last_edited=&#8220;on|desktop&#8220; animation_style=&#8220;zoom&#8220; animation_direction=&#8220;bottom&#8220; animation_intensity_zoom=&#8220;10%&#8220;]<\/p>\n<h1 style=\"text-align: right;\"><strong><span style=\"font-family: 'Montserrat',Helvetica,Arial,Lucida,sans-serif !important; font-size: 1.5em; line-height: 1.5em; color: #e5006c;\">WENN ES AUF <br \/>HYGIENE ANKOMMT<\/span><\/strong><\/h1>\n<p>[\/et_pb_cta][\/et_pb_column][\/et_pb_row][\/et_pb_section][et_pb_section bb_built=&#8220;1&#8243; admin_label=&#8220;Features&#8220; custom_padding_last_edited=&#8220;on|phone&#8220; _builder_version=&#8220;3.5.1&#8243; custom_padding=&#8220;50px|50px|0px|50px&#8220; prev_background_color=&#8220;#000000&#8243; next_background_color=&#8220;#000000&#8243;][et_pb_row admin_label=&#8220;CTA Row&#8220; make_fullwidth=&#8220;on&#8220; use_custom_gutter=&#8220;on&#8220; gutter_width=&#8220;1&#8243; custom_padding=&#8220;0px|0px|0px|0px&#8220; make_equal=&#8220;on&#8220; background_color_1=&#8220;rgba(216,206,199,0.4)&#8220; bg_img_2=&#8220;https:\/\/www.bwt-swissedition.ch\/cms\/wp-content\/uploads\/2018\/06\/BWT-SE-Kantine-900&#215;600.jpg&#8220; background_position_1=&#8220;bottom_center&#8220; _builder_version=&#8220;3.5.1&#8243;][et_pb_column type=&#8220;1_2&#8243;][et_pb_cta admin_label=&#8220;Handlungsaufruf BWT Qualit\u00e4t&#8220; title=&#8220;BWT Qualit\u00e4t&#8220; button_url=&#8220;https:\/\/www.bwt-swissedition.ch\/cms\/kontakt\/&#8220; button_text=&#8220;Beratung anfordern&#8220; _builder_version=&#8220;3.9&#8243; header_font=&#8220;Montserrat|700||on|||||&#8220; header_text_color=&#8220;#676c6e&#8220; header_font_size=&#8220;45px&#8220; header_font_size_phone=&#8220;35px&#8220; header_font_size_last_edited=&#8220;on|desktop&#8220; header_line_height=&#8220;1.3em&#8220; header_line_height_phone=&#8220;1.1em&#8220; header_line_height_last_edited=&#8220;on|phone&#8220; body_font=&#8220;|500|||||||&#8220; body_text_color=&#8220;#676c6e&#8220; body_font_size=&#8220;16px&#8220; body_line_height=&#8220;1.9em&#8220; use_background_color=&#8220;off&#8220; custom_button=&#8220;on&#8220; button_text_size=&#8220;16px&#8220; button_text_color=&#8220;#ffffff&#8220; button_bg_color=&#8220;#e5006c&#8220; button_border_color=&#8220;rgba(47,56,84,0)&#8220; button_border_radius=&#8220;60px&#8220; button_letter_spacing=&#8220;1px&#8220; button_font=&#8220;Montserrat|700||on|||||&#8220; button_use_icon=&#8220;off&#8220; button_text_color_hover=&#8220;#ffffff&#8220; button_bg_color_hover=&#8220;#005e90&#8243; button_border_radius_hover=&#8220;60px&#8220; button_letter_spacing_hover=&#8220;1px&#8220; button_alignment=&#8220;right&#8220; text_orientation=&#8220;right&#8220; background_layout=&#8220;light&#8220; max_width=&#8220;580px&#8220; max_width_last_edited=&#8220;on|desktop&#8220; module_alignment=&#8220;right&#8220; custom_margin=&#8220;|||&#8220; custom_margin_phone=&#8220;30px||50px|&#8220; custom_margin_last_edited=&#8220;off|desktop&#8220; custom_padding=&#8220;100px|80px|80px|20px&#8220; custom_padding_last_edited=&#8220;on|desktop&#8220; animation_style=&#8220;zoom&#8220; animation_direction=&#8220;bottom&#8220; animation_intensity_zoom=&#8220;10%&#8220;]<\/p>\n<p style=\"text-align: right;\">Durch den Einsatz von <strong>Aktivkohlefiltern <\/strong>werden sch\u00e4dliche Stoffe wie Chlor sowie enthaltene Geruchs- und Geschmacksstoffe herausgefiltert. Im Wasserausgabebereich haben Bakterien dank <strong>BioCote\u00ae<\/strong> keine Chance, denn BioCote\u00ae-Oberfl\u00e4chen sorgen durch den Einsatz von antibakteriellem Silber daf\u00fcr, dass nicht nur das Innere sondern auch das \u00c4ussere gesch\u00fctzt ist. Insbesondere im Bereich der der Wasserausgabe. Unsere <strong>UV-Firewall\u00ae-Technologie<\/strong> h\u00e4lt das Wasser durch Bestrahlung mit intensivem UV-Licht zu 99,999% frei von sch\u00e4dlichen Keimen.<\/p>\n<p>[\/et_pb_cta][\/et_pb_column][et_pb_column type=&#8220;1_2&#8243;][et_pb_divider show_divider=&#8220;off&#8220; height=&#8220;400px&#8220; _builder_version=&#8220;3.3.1&#8243; \/][\/et_pb_column][\/et_pb_row][\/et_pb_section][et_pb_section bb_built=&#8220;1&#8243; admin_label=&#8220;Deals Section&#8220; _builder_version=&#8220;3.5.1&#8243; custom_padding=&#8220;0px|0px|0px|0px&#8220; prev_background_color=&#8220;#000000&#8243; next_background_color=&#8220;#000000&#8243;][et_pb_row use_custom_gutter=&#8220;on&#8220; gutter_width=&#8220;1&#8243; custom_padding=&#8220;10px|0px|0px|0px&#8220; _builder_version=&#8220;3.5.1&#8243;][et_pb_column type=&#8220;1_2&#8243;][et_pb_image admin_label=&#8220;Bild Zeichnung&#8220; src=&#8220;https:\/\/www.bwt-swissedition.ch\/cms\/wp-content\/uploads\/2018\/07\/BWT-IconsHygiene-900&#215;600.png&#8220; _builder_version=&#8220;3.5.1&#8243; animation_style=&#8220;zoom&#8220; animation_intensity_zoom=&#8220;10%&#8220; \/][et_pb_image admin_label=&#8220;Bild Wasserglas oben&#8220; src=&#8220;https:\/\/www.bwt-swissedition.ch\/cms\/wp-content\/uploads\/2018\/07\/BWT-Foto-UV-900&#215;600.jpg&#8220; disabled_on=&#8220;on||&#8220; _builder_version=&#8220;3.5.1&#8243; custom_padding=&#8220;50px|||&#8220; animation_style=&#8220;zoom&#8220; animation_direction=&#8220;bottom&#8220; animation_intensity_zoom=&#8220;10%&#8220; \/][\/et_pb_column][et_pb_column type=&#8220;1_2&#8243;][et_pb_image admin_label=&#8220;Bild Architekt&#8220; src=&#8220;https:\/\/www.bwt-swissedition.ch\/cms\/wp-content\/uploads\/2018\/07\/BWT-FO-2Architektem-900&#215;600.jpg&#8220; _builder_version=&#8220;3.5.1&#8243; animation_style=&#8220;zoom&#8220; animation_intensity_zoom=&#8220;10%&#8220; \/][et_pb_cta admin_label=&#8220;Handlungsaufruf F\u00fcr h\u00f6chste Anspr\u00fcche&#8220; title=&#8220;F\u00fcr h\u00f6chste Anspr\u00fcche&#8220; button_url=&#8220;https:\/\/www.bwt-swissedition.ch\/cms\/kontakt\/&#8220; button_text=&#8220;\u00dcberzeugen Sie sich&#8220; _builder_version=&#8220;3.9&#8243; header_font=&#8220;Montserrat|700||on|||||&#8220; header_text_color=&#8220;#676c6e&#8220; header_font_size=&#8220;45px&#8220; header_font_size_tablet=&#8220;35px&#8220; header_font_size_last_edited=&#8220;on|phone&#8220; header_line_height=&#8220;1.3em&#8220; body_font=&#8220;|500|||||||&#8220; body_text_color=&#8220;#676c6e&#8220; body_font_size=&#8220;16px&#8220; body_line_height=&#8220;1.9em&#8220; use_background_color=&#8220;off&#8220; custom_button=&#8220;on&#8220; button_text_size=&#8220;16px&#8220; button_text_color=&#8220;#ffffff&#8220; button_bg_color=&#8220;#e5006c&#8220; button_border_color=&#8220;rgba(47,56,84,0)&#8220; button_border_radius=&#8220;60px&#8220; button_letter_spacing=&#8220;1px&#8220; button_font=&#8220;Montserrat|700||on|||||&#8220; button_use_icon=&#8220;off&#8220; button_text_color_hover=&#8220;#ffffff&#8220; button_bg_color_hover=&#8220;#005e90&#8243; button_border_radius_hover=&#8220;66px&#8220; button_letter_spacing_hover=&#8220;1px&#8220; button_alignment=&#8220;left&#8220; text_orientation=&#8220;left&#8220; background_layout=&#8220;light&#8220; max_width=&#8220;580px&#8220; max_width_last_edited=&#8220;on|desktop&#8220; module_alignment=&#8220;left&#8220; custom_margin=&#8220;0px||100px|&#8220; custom_padding=&#8220;50px|30px|100px|0px&#8220; animation_style=&#8220;zoom&#8220; animation_intensity_zoom=&#8220;10%&#8220;]<\/p>\n<p>Planen auch Sie mit Verantwortung. Ob f\u00fcr Geb\u00e4ude und Industrietechnik, Hotellerie und Gastronomie, Haustechnik oder Filtersysteme f\u00fcr K\u00fcche und Bad, die Filtertechnologie von BWT ist richtig gut darin, sch\u00e4dliche Stoffe zu entfernen und gleichzeitig die guten zu erhalten.<\/p>\n<p>[\/et_pb_cta][\/et_pb_column][\/et_pb_row][\/et_pb_section][et_pb_section bb_built=&#8220;1&#8243; admin_label=&#8220;Features&#8220; _builder_version=&#8220;3.5.1&#8243; custom_padding=&#8220;0px|50px|0px|50px&#8220; prev_background_color=&#8220;#000000&#8243; next_background_color=&#8220;#000000&#8243;][et_pb_row admin_label=&#8220;CTA Row&#8220; make_fullwidth=&#8220;on&#8220; use_custom_gutter=&#8220;on&#8220; gutter_width=&#8220;1&#8243; custom_padding=&#8220;0px|0px|0px|0px&#8220; make_equal=&#8220;on&#8220; background_color_2=&#8220;rgba(216,206,199,0.4)&#8220; bg_img_1=&#8220;https:\/\/www.bwt-swissedition.ch\/cms\/wp-content\/uploads\/2018\/07\/BWT-UN-KLinikEmpfang-1920&#215;1080.jpg&#8220; _builder_version=&#8220;3.5.1&#8243;][et_pb_column type=&#8220;1_2&#8243;][et_pb_divider show_divider=&#8220;off&#8220; height=&#8220;400px&#8220; _builder_version=&#8220;3.5.1&#8243; \/][\/et_pb_column][et_pb_column type=&#8220;1_2&#8243;][et_pb_cta admin_label=&#8220;Handlungsaufruf 100% hygienisch&#8220; title=&#8220;100% hygienisch&#8220; button_url=&#8220;#top&#8220; _builder_version=&#8220;3.9&#8243; header_font=&#8220;Montserrat|700||on|||||&#8220; header_text_color=&#8220;#676c6e&#8220; header_font_size=&#8220;45px&#8220; header_font_size_tablet=&#8220;35px&#8220; header_font_size_last_edited=&#8220;on|tablet&#8220; header_line_height=&#8220;1.3em&#8220; header_line_height_tablet=&#8220;1.2em&#8220; header_line_height_last_edited=&#8220;on|tablet&#8220; body_font=&#8220;|500|||||||&#8220; body_text_color=&#8220;#676c6e&#8220; body_font_size=&#8220;16px&#8220; body_line_height=&#8220;1.9em&#8220; use_background_color=&#8220;off&#8220; custom_button=&#8220;on&#8220; button_text_size=&#8220;16px&#8220; button_text_color=&#8220;#ffffff&#8220; button_bg_color=&#8220;#e5006c&#8220; button_border_color=&#8220;rgba(47,56,84,0)&#8220; button_border_radius=&#8220;60px&#8220; button_letter_spacing=&#8220;1px&#8220; button_font=&#8220;Montserrat|700||on|||||&#8220; button_use_icon=&#8220;off&#8220; button_text_color_hover=&#8220;#ffffff&#8220; button_bg_color_hover=&#8220;#005e90&#8243; button_border_radius_hover=&#8220;66px&#8220; button_letter_spacing_hover=&#8220;1px&#8220; button_alignment=&#8220;left&#8220; text_orientation=&#8220;left&#8220; background_layout=&#8220;light&#8220; max_width=&#8220;580px&#8220; max_width_last_edited=&#8220;on|phone&#8220; module_alignment=&#8220;left&#8220; custom_margin=&#8220;30px||50px|&#8220; custom_margin_last_edited=&#8220;on|desktop&#8220; custom_padding=&#8220;80px|80px|80px|80px&#8220; custom_padding_tablet=&#8220;50px|50px|50px|50px&#8220; custom_padding_last_edited=&#8220;on|phone&#8220; animation_style=&#8220;zoom&#8220; animation_direction=&#8220;bottom&#8220; animation_intensity_zoom=&#8220;10%&#8220;]<\/p>\n<p>Mit der einzigartigen <strong>BWT-Filtertechnik<\/strong> erhalten Sie <strong>h\u00f6chsten Hygienestandard<\/strong>. Perfekt f\u00fcr den Einsatz in Krankenh\u00e4usern, Rehakliniken, Altenheimen oder Kinderg\u00e4rten. AQA drink Trinkwasserspender sind technisch ausgereifte Produkte f\u00fcr h\u00f6chste <strong>Schweizer Qualit\u00e4tsanspr\u00fcche<\/strong>. BWT-Wasserspender werden direkt an die Trinkwasserleitung angeschlossen und liefern gefiltertes, gek\u00fchltes und heisses Wasser auf Knopfdruck.<\/p>\n<p>[\/et_pb_cta][\/et_pb_column][\/et_pb_row][\/et_pb_section][et_pb_section bb_built=&#8220;1&#8243; admin_label=&#8220;Deals Section&#8220; _builder_version=&#8220;3.5.1&#8243; custom_padding=&#8220;0px|0px|0px|0px&#8220; prev_background_color=&#8220;#000000&#8243; next_background_color=&#8220;#000000&#8243;][et_pb_row use_custom_gutter=&#8220;on&#8220; gutter_width=&#8220;1&#8243; custom_padding=&#8220;70px|||&#8220; padding_right_1=&#8220;5px&#8220; padding_right_2=&#8220;5px&#8220; padding_right_3=&#8220;5px&#8220; padding_left_1=&#8220;5px&#8220; padding_left_2=&#8220;5px&#8220; padding_left_3=&#8220;5px&#8220; _builder_version=&#8220;3.5.1&#8243;][et_pb_column type=&#8220;1_3&#8243;][et_pb_image admin_label=&#8220;Bild UV 1&#8243; src=&#8220;https:\/\/www.bwt-swissedition.ch\/cms\/wp-content\/uploads\/2018\/07\/BWT-UV2-900&#215;600.jpg&#8220; _builder_version=&#8220;3.5.1&#8243; animation_style=&#8220;zoom&#8220; animation_intensity_zoom=&#8220;10%&#8220; \/][\/et_pb_column][et_pb_column type=&#8220;1_3&#8243;][et_pb_image admin_label=&#8220;Bild UV 2&#8243; src=&#8220;https:\/\/www.bwt-swissedition.ch\/cms\/wp-content\/uploads\/2018\/07\/BWT-UV3-900&#215;600.jpg&#8220; _builder_version=&#8220;3.5.1&#8243; animation_style=&#8220;zoom&#8220; animation_intensity_zoom=&#8220;10%&#8220; \/][\/et_pb_column][et_pb_column type=&#8220;1_3&#8243;][et_pb_image admin_label=&#8220;Bild UV 3&#8243; src=&#8220;https:\/\/www.bwt-swissedition.ch\/cms\/wp-content\/uploads\/2018\/07\/BWT-UV1-900&#215;600.jpg&#8220; _builder_version=&#8220;3.5.1&#8243; animation_style=&#8220;zoom&#8220; animation_intensity_zoom=&#8220;10%&#8220; \/][\/et_pb_column][\/et_pb_row][\/et_pb_section][et_pb_section bb_built=&#8220;1&#8243; admin_label=&#8220;Features&#8220; _builder_version=&#8220;3.5.1&#8243; custom_padding=&#8220;50px|50px|0px|50px&#8220; prev_background_color=&#8220;#000000&#8243; next_background_color=&#8220;#000000&#8243;][et_pb_row admin_label=&#8220;CTA Row&#8220; make_fullwidth=&#8220;on&#8220; use_custom_gutter=&#8220;on&#8220; gutter_width=&#8220;1&#8243; custom_padding=&#8220;0px|0px|0px|0px&#8220; make_equal=&#8220;on&#8220; background_color_2=&#8220;rgba(216,206,199,0.4)&#8220; bg_img_1=&#8220;https:\/\/www.bwt-swissedition.ch\/cms\/wp-content\/uploads\/2018\/07\/BWT-PX-Wassersplash-900&#215;600.jpg&#8220; _builder_version=&#8220;3.5.1&#8243;][et_pb_column type=&#8220;1_2&#8243;][et_pb_divider show_divider=&#8220;off&#8220; height=&#8220;100px&#8220; _builder_version=&#8220;3.5.1&#8243; \/][\/et_pb_column][et_pb_column type=&#8220;1_2&#8243;][et_pb_cta admin_label=&#8220;Handlungsaufruf BWT Filter-Technologie&#8220; title=&#8220;BWT Filter-Technologie&#8220; button_url=&#8220;#top&#8220; _builder_version=&#8220;3.9&#8243; header_font=&#8220;Montserrat|700||on|||||&#8220; header_text_color=&#8220;#676c6e&#8220; header_font_size=&#8220;45px&#8220; header_font_size_tablet=&#8220;35px&#8220; header_font_size_last_edited=&#8220;on|tablet&#8220; header_line_height=&#8220;1.3em&#8220; header_line_height_tablet=&#8220;1.2em&#8220; header_line_height_last_edited=&#8220;on|tablet&#8220; body_font=&#8220;|500|||||||&#8220; body_text_color=&#8220;#676c6e&#8220; body_font_size=&#8220;16px&#8220; body_line_height=&#8220;1.9em&#8220; use_background_color=&#8220;off&#8220; custom_button=&#8220;on&#8220; button_text_size=&#8220;16px&#8220; button_text_color=&#8220;#ffffff&#8220; button_bg_color=&#8220;#e5006c&#8220; button_border_color=&#8220;rgba(47,56,84,0)&#8220; button_border_radius=&#8220;60px&#8220; button_letter_spacing=&#8220;1px&#8220; button_font=&#8220;Montserrat|700||on|||||&#8220; button_use_icon=&#8220;off&#8220; button_text_color_hover=&#8220;#ffffff&#8220; button_bg_color_hover=&#8220;#005e90&#8243; button_border_radius_hover=&#8220;66px&#8220; button_letter_spacing_hover=&#8220;1px&#8220; button_alignment=&#8220;left&#8220; text_orientation=&#8220;left&#8220; background_layout=&#8220;light&#8220; max_width=&#8220;580px&#8220; max_width_last_edited=&#8220;on|phone&#8220; module_alignment=&#8220;left&#8220; custom_margin=&#8220;30px||50px|&#8220; custom_margin_last_edited=&#8220;on|desktop&#8220; custom_padding=&#8220;80px|50px|80px|80px&#8220; custom_padding_tablet=&#8220;50px|50px|50px|50px&#8220; custom_padding_last_edited=&#8220;on|desktop&#8220; animation_style=&#8220;zoom&#8220; animation_direction=&#8220;bottom&#8220; animation_intensity_zoom=&#8220;10%&#8220;]<\/p>\n<p><strong>Mehrfach Wasserfiltration in 5 Filtrationsstufen<\/strong><\/p>\n<p><span style=\"color: #e5006c;\"><strong>1.<\/strong><\/span> <strong>Vorfiltration<\/strong> f\u00fcr Partikel wie z.B. Sand und Rost<br \/><span style=\"color: #e5006c;\"><strong>2.<\/strong><\/span> <strong>Aktivkohlefilter<\/strong> zum Schutz des Ionen-Austauschers<br \/><span style=\"color: #e5006c;\"><strong>3<\/strong>.<\/span> <strong>Ionen-Austauscher<\/strong> zur Abgabe von Magnesium und zur Reduktion von Schwermetallen wie Kupfer, Blei und Nickel<br \/><span style=\"color: #e5006c;\"><strong>4.<\/strong><\/span> <strong>Aktivkohle-Filtration<\/strong> zur Entfernung geruchs- und geschmacksst\u00f6render Stoffe, wie z. B. Chlor<br \/><span style=\"color: #e5006c;\"><strong>5.<\/strong><\/span> <strong>Feinflitration<\/strong> f\u00fcr die kleinsten Partikel<\/p>\n<p>[\/et_pb_cta][\/et_pb_column][\/et_pb_row][\/et_pb_section][et_pb_section bb_built=&#8220;1&#8243; admin_label=&#8220;Deals Section&#8220; _builder_version=&#8220;3.5.1&#8243; custom_padding=&#8220;0px|0px|0px|0px&#8220; prev_background_color=&#8220;#000000&#8243;][et_pb_row use_custom_gutter=&#8220;on&#8220; gutter_width=&#8220;1&#8243; custom_padding=&#8220;10px|0px|0px|0px&#8220; custom_margin=&#8220;|||&#8220; _builder_version=&#8220;3.5.1&#8243;][et_pb_column type=&#8220;1_2&#8243;][et_pb_image admin_label=&#8220;Bild Wasserglas oben&#8220; src=&#8220;https:\/\/www.bwt-swissedition.ch\/cms\/wp-content\/uploads\/2018\/07\/BWT-PX-Wasserglas-900&#215;600.jpg&#8220; disabled_on=&#8220;on||&#8220; _builder_version=&#8220;3.5.1&#8243; custom_padding=&#8220;0px|||&#8220; animation_style=&#8220;zoom&#8220; animation_direction=&#8220;bottom&#8220; animation_intensity_zoom=&#8220;10%&#8220; \/][\/et_pb_column][et_pb_column type=&#8220;1_2&#8243;][et_pb_cta admin_label=&#8220;Handlungsaufruf Perfekte Wasserqualit\u00e4&#8220; title=&#8220;Perfekte Wasserqualit\u00e4t&#8220; button_url=&#8220;https:\/\/www.bwt-swissedition.ch\/cms\/kontakt\/&#8220; button_text=&#8220;jetzt Termin vereinbaren&#8220; _builder_version=&#8220;3.5.1&#8243; header_font=&#8220;Montserrat|700||on|||||&#8220; header_text_color=&#8220;#676c6e&#8220; header_font_size=&#8220;45px&#8220; header_font_size_tablet=&#8220;35px&#8220; header_font_size_last_edited=&#8220;on|phone&#8220; header_line_height=&#8220;1.3em&#8220; body_font=&#8220;|500|||||||&#8220; body_text_color=&#8220;#676c6e&#8220; body_font_size=&#8220;16px&#8220; body_line_height=&#8220;1.9em&#8220; use_background_color=&#8220;off&#8220; custom_button=&#8220;on&#8220; button_text_size=&#8220;16px&#8220; button_text_color=&#8220;#ffffff&#8220; button_bg_color=&#8220;#e5006c&#8220; button_border_color=&#8220;rgba(47,56,84,0)&#8220; button_border_radius=&#8220;60px&#8220; button_letter_spacing=&#8220;1px&#8220; button_font=&#8220;Montserrat|700||on|||||&#8220; button_use_icon=&#8220;off&#8220; button_text_color_hover=&#8220;#ffffff&#8220; button_bg_color_hover=&#8220;#005e90&#8243; button_border_radius_hover=&#8220;66px&#8220; button_letter_spacing_hover=&#8220;1px&#8220; button_alignment=&#8220;left&#8220; text_orientation=&#8220;left&#8220; background_layout=&#8220;light&#8220; max_width=&#8220;580px&#8220; max_width_last_edited=&#8220;on|desktop&#8220; module_alignment=&#8220;left&#8220; custom_margin=&#8220;0px||100px|&#8220; custom_padding=&#8220;50px|30px|100px|0px&#8220; animation_style=&#8220;zoom&#8220; animation_intensity_zoom=&#8220;10%&#8220;]<\/p>\n<p>Ein Mehrwert f\u00fcr jedes Unternehmen. Verw\u00f6hnen Sie Kunden, Mitarbeiter oder Besucher mit Wassertechnologie auf h\u00f6chstem Niveau. <strong>BWT &#8211; die beste Art Wasser zu trinken.\u00a0<\/strong><\/p>\n<p>[\/et_pb_cta][\/et_pb_column][\/et_pb_row][\/et_pb_section]<\/p>\n","protected":false},"excerpt":{"rendered":"<p>WENN ES AUF HYGIENE ANKOMMT Durch den Einsatz von Aktivkohlefiltern werden sch\u00e4dliche Stoffe wie Chlor sowie enthaltene Geruchs- und Geschmacksstoffe herausgefiltert. Im Wasserausgabebereich haben Bakterien dank BioCote\u00ae keine Chance, denn BioCote\u00ae-Oberfl\u00e4chen sorgen durch den Einsatz von antibakteriellem Silber daf\u00fcr, dass nicht nur das Innere sondern auch das \u00c4ussere gesch\u00fctzt ist. Insbesondere im Bereich der der [&hellip;]<\/p>\n","protected":false},"author":2,"featured_media":0,"parent":0,"menu_order":3,"comment_status":"closed","ping_status":"closed","template":"","meta":{"_et_pb_use_builder":"on","_et_pb_old_content":"","_et_gb_content_width":"","footnotes":""},"_links":{"self":[{"href":"https:\/\/www.bwt-swissedition.ch\/cms\/wp-json\/wp\/v2\/pages\/592"}],"collection":[{"href":"https:\/\/www.bwt-swissedition.ch\/cms\/wp-json\/wp\/v2\/pages"}],"about":[{"href":"https:\/\/www.bwt-swissedition.ch\/cms\/wp-json\/wp\/v2\/types\/page"}],"author":[{"embeddable":true,"href":"https:\/\/www.bwt-swissedition.ch\/cms\/wp-json\/wp\/v2\/users\/2"}],"replies":[{"embeddable":true,"href":"https:\/\/www.bwt-swissedition.ch\/cms\/wp-json\/wp\/v2\/comments?post=592"}],"version-history":[{"count":98,"href":"https:\/\/www.bwt-swissedition.ch\/cms\/wp-json\/wp\/v2\/pages\/592\/revisions"}],"predecessor-version":[{"id":932,"href":"https:\/\/www.bwt-swissedition.ch\/cms\/wp-json\/wp\/v2\/pages\/592\/revisions\/932"}],"wp:attachment":[{"href":"https:\/\/www.bwt-swissedition.ch\/cms\/wp-json\/wp\/v2\/media?parent=592"}],"curies":[{"name":"wp","href":"https:\/\/api.w.org\/{rel}","templated":true}]}}